{"id":2277,"date":"2016-10-03T12:53:03","date_gmt":"2016-10-03T10:53:03","guid":{"rendered":"https:\/\/institutodentalinternacional.com\/?page_id=2277&#038;lang=fr"},"modified":"2016-10-03T12:56:37","modified_gmt":"2016-10-03T10:56:37","slug":"politique-dutilisation-de-cookies","status":"publish","type":"page","link":"https:\/\/institutodentalinternacional.com\/fr\/politique-dutilisation-de-cookies\/","title":{"rendered":"Politique d\u2019utilisation de cookies"},"content":{"rendered":"<section class=\"section swatch-para-fondo-blanco  section-text-no-shadow section-inner-no-shadow section-normal section-opaque\" id=\"cookies\"  data-label=\"\">\n    \n    <div class=\"background-overlay grid-overlay-0 \" style=\"background-color: rgba(0,0,0,0);\"><\/div>\n\n    <div class=\"container\">\n        <div class=\"row vertical-top\">\n            <div class=\"col-md-12     text-default small-screen-default\"  ><header class=\"text-center  element-short-top element-short-bottom not-condensed\" data-os-animation=\"none\" data-os-animation-delay=\"0s\" >\n    <h1 class=\"normal regular bordered bordered-normal\" >\n        Politique d\u2019utilisation de cookies    <\/h1>\n    <\/header>\n<p class=\"lead text-center center  element-short-top element-normal-bottom\" data-os-animation=\"none\" data-os-animation-delay=\"0s\">Cette page web, de m\u00eame que de nombreux sites internet, utilise des cookies pour am\u00e9liorer et optimiser l\u2019exp\u00e9rience de l\u2019usager.<\/p><div class=\" element-medium-top element-medium-bottom\" data-os-animation=\"none\" data-os-animation-delay=\"0s\">\n    <p>Ci-apr\u00e8s vous trouverez plus ample information sur la d\u00e9finition des \u00ab\u00a0cookies\u00a0\u00bb, quel type de cookies sont utilis\u00e9s dans notre cas, comment les d\u00e9sactiver de votre moteur de navigation, et comment bloquer de mani\u00e8re sp\u00e9cifique les cookies de tierces personnes.<\/p>\n<p>&nbsp;<\/p>\n<h2>Que sont les Cookies et comment sont-elles utilis\u00e9es sur les sites web de <strong>institutodentalinternacional.com?<\/strong><\/h2>\n<p>&nbsp;<\/p>\n<p>Les Cookies sont des fichiers que les sites web ou l&rsquo;application installe dans votre moteur de navigation ou votre dispositif (smartphone, tablet ou TV connect\u00e9e) pendant votre visite sur le site ou l&rsquo;\u00e9xecution de l&rsquo;application, et servent \u00e0 stocker des donn\u00e9es relatives \u00e0 votre visite. Comme la grande mejorit\u00e9 des sites web, les webs de institutodentalinternacional.com utilisent des Cookies pour:<\/p>\n<ul>\n<li>Assurer un bon fonctionnement des pages web.<\/li>\n<li>Stocker vos pr\u00e9f\u00e9rences quand \u00e0 la navigation comme la langue ou la dimension des polices.<\/li>\n<li>Connaitre votre exp\u00e9rience d&rsquo;usager.<\/li>\n<li>Stocker les donn\u00e9es statisitiques anonymes, comme par exemple les pages visit\u00e9es et le temps de permanence sur le site.<\/li>\n<\/ul>\n<p>L&rsquo;usage de Cookies nous permet d&rsquo;optimiser votre navigation sur nos sites, en adaptant l&rsquo;information et les services offerts \u00e0 vos int\u00e9r\u00eats, pour toujours apporter la meilleure exp\u00e9rience \u00e0 chacun lors de sa visite. Les sites web du groupe IUI Instituto Dental Internacional 2002 S.L.P. utilisent des Cookies pour fonctionner, adapter et faciliter au maximum la navigation de l&rsquo;usager.<\/p>\n<p>Les Cookies sont associ\u00e9s \u00e0 un usager anonyme et \u00e0 son ordinateur\/dispositif et n&rsquo;apportent aucunes r\u00e9f\u00e9rence qui puisse permettre l&rsquo;acc\u00e8s \u00e0 des donn\u00e9es personelles. A tout moment vous pouvez acc\u00e8der \u00e0 la configuration du navigateur de votre ordinateur\/dispositif pour en modifier les et\/ou bloquer l&rsquo;installation de cookies envoy\u00e9es pa les websites du groupe IUI Instituto Dental Internacional 2002 S.L.P., sans pour cela limiter votre acc\u00e8s \u00e0 ces sites et leur contenu. Cependant, la qualit\u00e9 du fonctionnement du service pourrait en \u00eatre affect\u00e9e.<\/p>\n<p>Les Usagers qui compl\u00e8tent le formulaire d&rsquo;enregistrement ou ont inici\u00e9 une session avec leurs codes d&rsquo;acc\u00e8s pourrons b\u00e9n\u00e9ficier de services personnalis\u00e9s et adapt\u00e9s \u00e0 leurs pr\u00e9f\u00e8rences selon les donn\u00e9es apport\u00e9es lors de leur enregistrement et stock\u00e9es dans les cookies de leur navigateur.<\/p>\n<p>Les outils de email-marketing du\u00a0Groupe IUI Instituto Dental Internacional 2002 S.L.P.\u00a0utilisent des petites images invisibles pour les usagers inclus dans les envois. Cette technologie nous permet de savoir si le mail a \u00e9t\u00e9 lu ou pas, \u00e0 quelle moment, l&rsquo;adresse IP depuis laquelle il a \u00e9t\u00e9 vu, etc&#8230; Avec ces donn\u00e9es nous r\u00e9alisons des \u00e9tudes statistiques et analytiques sur les envois et leur r\u00e9ception de mani\u00e8re \u00e0 am\u00e9liorer les services offerts aux usagers souscrits et apporter une information plus de son int\u00e9r\u00eat.<\/p>\n<p>&nbsp;<\/p>\n<h2>Pourquoi sont-ils importants?<\/h2>\n<p>&nbsp;<\/p>\n<ul>\n<li>D&rsquo;un point de vue technologique, ils permettent un meilleur fonctionnement aux sites web, plus agile et adapt\u00e9 aux pr\u00e9f\u00e9rences de chacun, par exemple au choix de la langue, de la monnaie ou au dispositif utilis\u00e9.<\/li>\n<li>Ils imposent des niveaux de protection et de s\u00e9curit\u00e9 qui interdisent ou rendent plus difficiles les ciberattaques \u00e0 la web ou \u00e0 ses usagers.<\/li>\n<li>Ils permettent aux responsables des m\u00e9dias de connaitre des donn\u00e9es statistiques stock\u00e9es dans les cookies pour ainsi am\u00e9liorer la qualit\u00e9 te l&rsquo;exp\u00e9riences de leurs services.<\/li>\n<li>Ils servent \u00e0 rendre plus pertinentes la publicit\u00e9 montr\u00e9e aux usagers en leur proposant des donn\u00e9es ajust\u00e9s \u00e0 leurs centres d&rsquo;int\u00e9r\u00eat.<\/li>\n<\/ul>\n<p>&nbsp;<\/p>\n<h2>Quels sont les diff\u00e8rents types de cookies que nous utilisons \u00e0\u00a0<strong>institutodentalinternacional.com<\/strong>?<\/h2>\n<p>&nbsp;<\/p>\n<ul>\n<li>Celles de session expirent quand l&rsquo;usager abandonne la page ou ferme le moteur de navigation, c&rsquo;est-\u00e0-dire qu&rsquo;elles sont actives pendant la visite du website et sont \u00e9limin\u00e9es de l&rsquo;ordinateur\/dispositif d\u00e8s la fin de la visite.<\/li>\n<li>Les permanentes expirent quand l&rsquo;objectif assign\u00e9 est rempli ou qu&rsquo;elles ont \u00e9t\u00e9 \u00e9limin\u00e9es manuellement; elles ont une date d&rsquo;\u00e9limination et en g\u00e9n\u00e9ral s&rsquo;utilisent lors d&rsquo;achat en ligne, lors de l&rsquo;ouverture d&rsquo;une session personnalis\u00e9e, pour ne pas \u00e0 avoir \u00e0 introduire le code d&rsquo;acc\u00e8s \u00e0 chaque visite.<\/li>\n<\/ul>\n<p>D&rsquo;autre part, selon l&rsquo;entit\u00e9 qui g\u00e8re le serveur ou le domaine d&rsquo;o\u00f9 sont envoy\u00e9es les cookies et se r\u00e9alise le traitement des donn\u00e9es, nous devons diff\u00e8rencier nos propres cookies de celles de tierces personnes.<\/p>\n<ul>\n<li>Les propres Cookies sont celles qui sont envoy\u00e9es \u00e0 votre ordinateur et exclusivement g\u00e8r\u00e9es par nous pour un meilleur fonctionnement de la web. L&rsquo;information stock\u00e9e est utilis\u00e9e pour am\u00e9liorer la qualit\u00e9 de notre service et votre exp\u00e9rience d&rsquo;usager.<\/li>\n<li>En visitant notre web il est possible que des cookies de tierces personnes puissent \u00eatre install\u00e9es (par exemple en cliquant sur un lien vers un r\u00e9seau social ou en visionnant une video stock\u00e9e sur un autre site web). Nous ne pouvons acc\u00e8der aux donn\u00e9es stock\u00e9es dans les cookies d&rsquo;autres websites.<\/li>\n<\/ul>\n<p>Naviguer sur ce site web implique que peuvent \u00eatre install\u00e9es les types de cookies suivants:<\/p>\n<p>&nbsp;<\/p>\n<div>\n<table width=\"100%\">\n<thead>\n<tr>\n<th align=\"left\">Types de Cookies<\/th>\n<th align=\"left\">Description<\/th>\n<th align=\"left\">Exemples d&rsquo;utilisation<\/th>\n<\/tr>\n<\/thead>\n<tbody>\n<tr>\n<td>DE RENDEMIENT<\/td>\n<td>Ces cookies sont utilis\u00e9s pour am\u00e9liorer votre exp\u00e9rience de navigation et optimiser le fonctionnement de notre website. Elles stockent les r\u00e9glages des services de votre int\u00e9r\u00eat afin de vous \u00e9viter de nouveaux r\u00e9glages de param\u00e8tres lors de visites suivantes.<\/td>\n<td>\n<ul>\n<li>R\u00e9glages du volume des reproducteurs de video ou son<\/li>\n<li>Vitesses optimales de transmission de videos<\/li>\n<li>Stockage du panier des achats r\u00e9alis\u00e9s sur les E-commerce<\/li>\n<\/ul>\n<\/td>\n<\/tr>\n<tr>\n<td>DE GEOLOCALISATION<\/td>\n<td>Ces cookies sont utilis\u00e9s pour stocker les donn\u00e9es de geolocalisation de l&rsquo;ordinatuer ou dispositif pour pr\u00e9senter les contenus et services les plus appropri\u00e9s.<\/td>\n<td>\n<ul>\n<li>Contenus ajust\u00e9s au pays, la ville, la langue etc.<\/li>\n<\/ul>\n<\/td>\n<\/tr>\n<tr>\n<td>D&rsquo;ENREGISTREMENT<\/td>\n<td>Les cookies d&rsquo;enregistrement se cr\u00e9ent au moment de l&rsquo;enregistrement ou lors de l&rsquo;ouverture de la session sur un de nos websites.<\/td>\n<td>\n<ul>\n<li>Vous pouvez je conserver authentifi\u00e9 m\u00eame si vous fermez le navigateur, donc quand vous revenez, vous aurez toujours l&rsquo;identification \u00e0 moins que vous d\u00e9connectez ou fermez la session<\/li>\n<li>Pour acc\u00e8der \u00e0 certaines z\u00f4nes de nos websites, par exemple pour participer \u00e0 un concours.<\/li>\n<\/ul>\n<\/td>\n<\/tr>\n<tr>\n<td>ANALYTIQUES<\/td>\n<td>Ces cookies stockent l&rsquo;information de votre exp\u00e9rience de navigation sur nos websites de mani\u00e8re totalement anonyme.<\/td>\n<td>\n<ul>\n<li>Nous pouvons compter la quantit\u00e9 de visites de la page et les contenus les plus vus.<\/li>\n<li>Nous pouvons savoir si l&rsquo;usager acc\u00e8de pour la premi\u00e8re fois ou s&rsquo;il r\u00e9p\u00e8te ses visites.<\/li>\n<li>Cette information peut aider \u00e0 am\u00e9liorer la navigation et apporter un meilleur service.<\/li>\n<\/ul>\n<\/td>\n<\/tr>\n<tr>\n<td>PUBLICITAIRES<\/td>\n<td>Ces cookies stockent les informations relativent aux annonces montr\u00e9es \u00e0 chaque usager annonyme de nos websites.<\/td>\n<td>\n<ul>\n<li>Adapter la publicit\u00e9 au dispositif depuis lequel l&rsquo;usager se connecte.<\/li>\n<li>Apporter des annonces publicitaires g\u00e8r\u00e9es par de tierces personnes (\u201cAd-servers\u201d) qui sont affich\u00e9s sur le website en temps r\u00e9el.<\/li>\n<\/ul>\n<\/td>\n<\/tr>\n<\/tbody>\n<\/table>\n<\/div>\n<p>&nbsp;<\/p>\n<p>Certains services du groupe IUI Instituto Dental Internacional 2002 S.L.P.\u00a0Peuvent utiliser des liens avec divers r\u00e9seaux sociaux:<\/p>\n<p>Facebook, Twitter, Google+, LinkedIn, etc. En utilisant un enregistrement sur un r\u00e9seau social vous l&rsquo;autorisez a stocker une cookie permanente. Cette cookie stocke votre identification pour ce service rendant ainsi plus rapide les acc\u00e8s lors de visites suivantes. Cette cookie peut \u00eatre \u00e9limin\u00e9e et, de plus, vous pouvez \u00e9liminer tous les acc\u00e8s aux services du groupe IUI Instituto Dental Internacional 2002 S.L.P. depuis les param\u00e8tres de privacit\u00e9 de chacun des r\u00e9seaux sociaux.<\/p>\n<p>&nbsp;<\/p>\n<h2>Comment configurer les param\u00e8tres de mes Cookies?<\/h2>\n<p>&nbsp;<\/p>\n<p>En visitant nos tre site vous acc\u00e8ptez l&rsquo;usage de cookies tel que d\u00e9crit dans les conditions de ce document \u00ab\u00a0politique de cookies\u00a0\u00bb. Vous avez acc\u00e8s \u00e0 notre politique de cookies lors de votre enregistrement pour votre compl\u00e8te information comme usager, mais cela ne limite d&rsquo;aucune mani\u00e8re vos droits \u00e0 tou moment de bloquer, \u00e9liminer ou refuser l&rsquo;usage des cookies.<\/p>\n<p>De toute mani\u00e8re, nous vous informons qu&rsquo;\u00e9tant donn\u00e9 que les cookies ne sont pas n\u00e9cessaires pour le bon fonctionnement de notre website, vous pouvez les bloquer ou les d\u00e9shabiliter en modifiant les param\u00e8tres de votre moteur de navigation, qui permet de refuser l&rsquo;installation de toute cookie. La grande majorit\u00e9 des moteurs de navigation permet d&rsquo;avertir de la pr\u00e9sence de cookies ou de les refuser de mani\u00e8re automatique. Si vous les refusez, vous pourrz continuer \u00e0 utiliser notre site web, bien que l&rsquo;usage de certains services sera limit\u00e9 et donc votre exp\u00e9rience comme usager de notre site web s&rsquo;en verra affect\u00e9.<\/p>\n<p>Ci-apr\u00e8s nous vous indiquons les liens des principaux moteurs de navigation et dispositifs pour que vous puissiez consulter la mani\u00e8re de les g\u00e8rer dans chaque cas.<\/p>\n<p>Si vous d\u00e9sirez plus ample information relative aux param\u00e8tres des cookies de chaque moteur de navigation, veuillez visiter le portail Your Online Choices.<\/p>\n<p>Internet Explorer<sup>TM<\/sup> :<\/p>\n<p>Versi\u00f3n 5<\/p>\n<p><a href=\"http:\/\/support.microsoft.com\/kb\/196955\/es\">http:\/\/support.microsoft.com\/kb\/196955\/es<\/a><\/p>\n<p>Versi\u00f3n 6<\/p>\n<p><a href=\"http:\/\/support.microsoft.com\/kb\/196955\/es\">http:\/\/support.microsoft.com\/kb\/283185\/es<\/a><\/p>\n<p>Versi\u00f3n 7 y 8<\/p>\n<p><a href=\"http:\/\/windows.microsoft.com\/es-Es\/windows-vista\/Block-or-allow-cookies\">http:\/\/windows.microsoft.com\/es-Es\/windows-vista\/Block-or-allow-cookies<\/a><\/p>\n<p>Versi\u00f3n 9<\/p>\n<p><a href=\"http:\/\/windows.microsoft.com\/es-Es\/windows7\/How-to-manage-cookies-in-Internet-Explorer-9\">http:\/\/windows.microsoft.com\/es-Es\/windows7\/How-to-manage-cookies-in-Internet-Explorer-9<\/a><\/p>\n<p>Safari<sup>TM<\/sup>:<\/p>\n<p><a href=\"http:\/\/support.apple.com\/kb\/PH5042?viewlocale=es_ES\">http:\/\/support.apple.com\/kb\/PH5042?viewlocale=es_ES<\/a><\/p>\n<p><a href=\"http:\/\/support.apple.com\/kb\/HT1677?viewlocale=es_ES\">http:\/\/support.apple.com\/kb\/HT1677?viewlocale=es_ES<\/a><\/p>\n<p>Google<sup>TM<\/sup>:<\/p>\n<p><a href=\"https:\/\/support.google.com\/chrome\/answer\/95647?hl=es&amp;hlrm=en\">https:\/\/support.google.com\/chrome\/answer\/95647?hl=es&amp;hlrm=en<\/a><\/p>\n<p>Firefox<sup>TM<\/sup>:<\/p>\n<p><a href=\"https:\/\/support.mozilla.org\/es\/kb\/cookies-informacion-que-los-sitios-web-guardan-en-\">https:\/\/support.mozilla.org\/es\/kb\/cookies-informacion-que-los-sitios-web-guardan-en-<\/a><\/p>\n<p>Opera<sup>TM<\/sup>:<\/p>\n<p><a href=\"http:\/\/help.opera.com\/Windows\/11.50\/es-ES\/cookies.html\">http:\/\/help.opera.com\/Windows\/11.50\/es-ES\/cookies.html<\/a><\/p>\n<p>Android<\/p>\n<p><a href=\"http:\/\/support.google.com\/android\/?hl=es\">http:\/\/support.google.com\/android\/?hl=es<\/a><\/p>\n<p>Windows Phone<\/p>\n<p><a href=\"http:\/\/www.windowsphone.com\/es-ES\/how-to\/wp7\/web\/changing-privacy-and-other-browser-settings\">http:\/\/www.windowsphone.com\/es-ES\/how-to\/wp7\/web\/changing-privacy-and-other-browser-settings<\/a><\/p>\n<p>Blackberry<\/p>\n<p><a href=\"http:\/\/docs.blackberry.com\/en\/smartphone_users\/deliverables\/18578\/Turn_off_cookies_in_the_brower_60_1072866_11.jsp\">http:\/\/docs.blackberry.com\/en\/smartphone_users\/deliverables\/18578\/Turn_off_cookies_in_the_brower_60_1072866_11.jsp<\/a><\/p>\n<p>Si deseas informaci\u00f3n adicional sobre c\u00f3mo configurar las Cookies detallada por proveedor o administrar tus preferencias, visita en portal Your Online Choices.<\/p>\n<p>&nbsp;<\/p>\n<h2>Mise \u00e0 jour de notre politique de Cookies<\/h2>\n<p>&nbsp;<\/p>\n<p>Il est possible que nous modifions la politique de cookies de notre site web, pour cela nous vous demandons de la v\u00e9rifier lors de chacune de vos visites \u00e0 notre site web pour \u00eatre toujours correctement inform\u00e9 au sujet du comment et du pourquoi nous utilisons des cookies. La derni\u00e8re mise \u00e0 jour de notre politique de cookies date du 20 ao\u00fbt 2016.<\/p>\n<\/div><\/div>        <\/div>\n    <\/div>\n<\/section>\n\n","protected":false},"excerpt":{"rendered":"Politique d\u2019utilisation de cookies Cette page web, de m\u00eame que de nombreux sites internet, utilise des cookies pour am\u00e9liorer et optimiser l\u2019exp\u00e9rience de l\u2019usager. Ci-apr\u00e8s vous trouverez plus ample information sur la d\u00e9finition des \"cookies\", quel type de cookies sont utilis\u00e9s dans notre cas, comment les d\u00e9sactiver de votre moteur de navigation, et comment bloquer","protected":false},"author":4,"featured_media":0,"parent":0,"menu_order":0,"comment_status":"closed","ping_status":"closed","template":"","meta":{"footnotes":""},"class_list":["post-2277","page","type-page","status-publish","hentry"],"_links":{"self":[{"href":"https:\/\/institutodentalinternacional.com\/fr\/wp-json\/wp\/v2\/pages\/2277","targetHints":{"allow":["GET"]}}],"collection":[{"href":"https:\/\/institutodentalinternacional.com\/fr\/wp-json\/wp\/v2\/pages"}],"about":[{"href":"https:\/\/institutodentalinternacional.com\/fr\/wp-json\/wp\/v2\/types\/page"}],"author":[{"embeddable":true,"href":"https:\/\/institutodentalinternacional.com\/fr\/wp-json\/wp\/v2\/users\/4"}],"replies":[{"embeddable":true,"href":"https:\/\/institutodentalinternacional.com\/fr\/wp-json\/wp\/v2\/comments?post=2277"}],"version-history":[{"count":2,"href":"https:\/\/institutodentalinternacional.com\/fr\/wp-json\/wp\/v2\/pages\/2277\/revisions"}],"predecessor-version":[{"id":2279,"href":"https:\/\/institutodentalinternacional.com\/fr\/wp-json\/wp\/v2\/pages\/2277\/revisions\/2279"}],"wp:attachment":[{"href":"https:\/\/institutodentalinternacional.com\/fr\/wp-json\/wp\/v2\/media?parent=2277"}],"curies":[{"name":"wp","href":"https:\/\/api.w.org\/{rel}","templated":true}]}}