{"id":2184,"date":"2016-08-02T10:25:45","date_gmt":"2016-08-02T08:25:45","guid":{"rendered":"https:\/\/institutodentalinternacional.com\/nuestros-valores\/?lang=fr"},"modified":"2020-10-20T17:03:51","modified_gmt":"2020-10-20T15:03:51","slug":"nos-valeurs","status":"publish","type":"page","link":"https:\/\/institutodentalinternacional.com\/fr\/nos-valeurs\/","title":{"rendered":"Nos valeurs"},"content":{"rendered":"<section class=\"section swatch-white  section-text-no-shadow section-inner-no-shadow section-normal section-opaque\"  data-label=\"\">\n    \n    <div class=\"background-overlay grid-overlay-0 \" style=\"background-color: rgba(0,0,0,0);\"><\/div>\n\n    <div class=\"container-fullwidth\">\n        <div class=\"row vertical-top\">\n            <div class=\"col-md-12     text-default small-screen-default\"  ><div class=\"\"><script type=\"text\/javascript\">jQuery(function() { _initLayerSlider( '#layerslider_14_hnuqc96rddak', {sliderVersion: '6.8.4', responsiveUnder: 0, layersContainer: 0, allowFullscreen: true, slideBGSize: 'auto', hideUnder: 0, hideOver: 100000, pauseOnHover: 1, skin: 'v5', sliderFadeInDuration: 350, useSrcset: true, skinsPath: 'https:\/\/institutodentalinternacional.com\/wp-content\/plugins\/LayerSlider\/assets\/static\/layerslider\/skins\/', performanceMode: true}); });<\/script><div id=\"layerslider_14_hnuqc96rddak\" class=\"ls-wp-container fitvidsignore\" style=\"width:1000px;height:300px;margin:0 auto;margin-bottom: 0px;\"><div class=\"ls-slide\" data-ls=\"duration:4000;\"><img decoding=\"async\" width=\"1500\" height=\"996\" src=\"https:\/\/institutodentalinternacional.com\/wp-content\/uploads\/2016\/08\/DSC0197.jpg\" class=\"ls-bg\" alt=\"\" srcset=\"https:\/\/institutodentalinternacional.com\/wp-content\/uploads\/2016\/08\/DSC0197.jpg 1500w, https:\/\/institutodentalinternacional.com\/wp-content\/uploads\/2016\/08\/DSC0197-300x199.jpg 300w, https:\/\/institutodentalinternacional.com\/wp-content\/uploads\/2016\/08\/DSC0197-768x510.jpg 768w, https:\/\/institutodentalinternacional.com\/wp-content\/uploads\/2016\/08\/DSC0197-1024x680.jpg 1024w\" sizes=\"(max-width: 1500px) 100vw, 1500px\" \/><p style=\"padding-top:40px;padding-right:40px;padding-bottom:50px;padding-left:40px;font-size:24px;color:rgba(255, 255, 255, 0.99);background:rgba(187, 92, 129, 0.88);top:50%;left:50%;white-space:normal;\" class=\"ls-l ls-text-layer\" data-ls=\"offsetxin:80;offsetxout:-80;durationout:400;parallaxlevel:0;\"><strong>Nous d\u00e9sirons \u00eatre votre dentiste<\/strong>,\nvenez nous conaitre \u00e0 Elche, Alicante<br>\nou San Juan Playa<\/p><\/div><\/div><\/div><\/div>        <\/div>\n    <\/div>\n<\/section>\n<section class=\"section swatch-para-fondo-blanco  section-text-no-shadow section-inner-no-shadow section-normal section-opaque\"  data-label=\"\">\n    \n    <div class=\"background-overlay grid-overlay-0 \" style=\"background-color: rgba(0,0,0,0);\"><\/div>\n\n    <div class=\"container\">\n        <div class=\"row vertical-top\">\n            <div class=\"col-md-12     text-center small-screen-default\"  ><header class=\"text-default  element-normal-top element-short-bottom not-condensed\" data-os-animation=\"none\" data-os-animation-delay=\"0s\" >\n    <h1 class=\"normal regular no-bordered-header bordered-normal\" >\n        Nos valeurs    <\/h1>\n    <\/header>\n<div class=\" element-short-top element-normal-bottom\" data-os-animation=\"none\" data-os-animation-delay=\"0s\">\n    <p>Votre sant\u00e9 buccale et votre sourire m\u00e9ritent les meilleurs soins et d\u00e9vouement de la part de notre \u00e9quipe, tr\u00e8s bien pr\u00e9par\u00e9e. Un joli sourire, sain a beaucoup d&rsquo;importance dans votre apparence, votre confiance et l&rsquo;image projet\u00e9e au milieu \u00ab\u00a0des autres\u00a0\u00bb.<\/p>\n<p>Votre traitement sera r\u00e9alis\u00e9 par des professionnels sp\u00e9cialis\u00e9s pour chaque sujet qui vous conseilleront le plus indiqu\u00e9 pour chaque cas. Nous nous sommes engag\u00e9s \u00e0 n&rsquo;utiliser que des mat\u00e9riaux et \u00e9quipements dentaires de premi\u00e8re qualit\u00e9 reconnus pour leur succ\u00e8s. Estamos comprometidos con el uso de materiales dentales y procedimientos cl\u00ednicos de primera calidad y contrastado \u00e9xito.<\/p>\n<p>Nos dentistes et nos collaborateurs auxiliaires seront toujours pr\u00eats \u00e0 satisfaire vos besoins et demandes, et nos technicien de laboratoire, m\u00e9ticuleusement s\u00e9lectionn\u00e9s, utiliseront toute leur dext\u00e9rit\u00e9 \u00e0 recreer le sourire de vos r\u00eaves.<\/p>\n<p>L&rsquo; IDI, Instituto Dental Internacional assure la plus absolue et confidentialit\u00e9 et privacit\u00e9 en ce qui concerne les donn\u00e9es personnelles re\u00e7ues et pour cela nos avons adopt\u00e9 des mesures sp\u00e9ciales pour \u00e9viter toute lt\u00e9ration, perte ou acc\u00e8s non autoris\u00e9 pour ainsi garantir votre in\u00e9grit\u00e9 et s\u00e9curit\u00e9.<\/p>\n<\/div><\/div>        <\/div>\n    <\/div>\n<\/section>\n<section class=\"section swatch-sobre-menu  section-text-no-shadow section-inner-no-shadow section-normal section-opaque\"  data-label=\"\">\n    \n    <div class=\"background-overlay grid-overlay-0 \" style=\"background-color: rgba(0,0,0,0);\"><\/div>\n\n    <div class=\"container\">\n        <div class=\"row vertical-top\">\n            <div class=\"col-md-2     text-center small-screen-default\"  ><\/div><div class=\"col-md-8     text-center small-screen-default\"  ><p class=\"lead text-default default  element-normal-top element-no-bottom\" data-os-animation=\"none\" data-os-animation-delay=\"0s\"><strong><i class=\"fa fa-quote-left\">\u00a0\u00a0<\/i>Le succ\u00e8s d&rsquo;un dentiste n&rsquo;est ps le fruit du hasard.<\/strong><\/p><div class=\" element-no-top element-short-bottom\" data-os-animation=\"none\" data-os-animation-delay=\"0s\">\n    <p>Il est habituellement le r\u00e9sultat d&rsquo;un bon diagnostique, suivi d&rsquo;une combinaison entre un savoir faire expert, l&rsquo;utiilsation de proc\u00e9d\u00e9s et mat\u00e9riels de haute qualit\u00e9 tout en comptant sur la confiance et l&rsquo;engagement du patient\u00a0\u00bb.<\/p>\n<\/div><div class=\"peque element-short-top element-normal-bottom\" data-os-animation=\"none\" data-os-animation-delay=\"0s\">\n    <p><strong>Dr. H\u00e9ctor Tafalla Pastor<\/strong><br \/>\n<span class=\"peque\">Directeur M\u00e9dicale IDI \/ Odontologiste 03003236<\/span><\/p>\n<\/div><\/div><div class=\"col-md-2     text-default small-screen-default\"  ><\/div>        <\/div>\n    <\/div>\n<\/section>\n<section class=\"section swatch-bloque-fondo-gris  section-text-no-shadow section-inner-no-shadow section-normal section-opaque\"  data-label=\"\">\n            <div class=\"background-media lazyload\" style=\"background-image:inherit; background-repeat:no-repeat; background-size:cover; background-attachment:no-scroll; background-position: 50% 0%;\"  data-bg-image=\"url(&#039;https:\/\/institutodentalinternacional.com\/wp-content\/uploads\/2016\/08\/fondo-sonrisas.jpg&#039;)\">\n                    <\/div>\n    \n    <div class=\"background-overlay grid-overlay-0 \" style=\"background-color: rgba(0,0,0,0);\"><\/div>\n\n    <div class=\"container\">\n        <div class=\"row vertical-top\">\n            <div class=\"col-md-12     text-center small-screen-default\"  ><header class=\"text-default  element-medium-top element-short-bottom not-condensed\" data-os-animation=\"none\" data-os-animation-delay=\"0s\" >\n    <h1 class=\"normal regular no-bordered-header bordered-normal\" >\n        Garantie de qualit\u00e9    <\/h1>\n            <p class=\"lead\" >pour tous nos traitements<\/p>\n    <\/header>\n<a href=\"\/fr\/prenez-rendez-vous\" class=\"btn btn-primary   btn-icon-left pidecita element-no-top element-short-bottom\" target= \"_self\" data-os-animation=\"none\" data-os-animation-delay=\"0s \"  >\n\tSollicitez un rendez-vous ici \t\t\t<span> <i class=\"fa fa-angle-right\"   ><\/i> <\/span>\n\t<\/a>\n<p class=\"lead text-center center  element-no-top element-medium-bottom\" data-os-animation=\"none\" data-os-animation-delay=\"0s\">Ou appelez-nous au \u00a0\u00a0<i class=\"icono-grande fa fa-phone\"><\/i>\u00a0\u00a0<strong>+34 965 436 309<\/strong><\/p><\/div>        <\/div>\n    <\/div>\n<\/section>\n<section class=\"section swatch-sobre-menu  section-text-no-shadow section-inner-no-shadow section-normal section-opaque\"  data-label=\"\">\n            <div class=\"background-media lazyload\" style=\"background-image:inherit; background-repeat:no-repeat; background-size:cover; background-attachment:no-scroll; background-position: 50% 0%;\" data-start=\"background-position: 50% -468px\" data-70-top-bottom=\"background-position: 50% -128px\" data-bg-image=\"url(&#039;https:\/\/institutodentalinternacional.com\/wp-content\/uploads\/2016\/08\/ELCHE_clinica.jpg&#039;)\">\n                    <\/div>\n    \n    <div class=\"background-overlay grid-overlay-60 \" style=\"background-color: rgba(102,102,102,0.5);\"><\/div>\n\n    <div class=\"container\">\n        <div class=\"row vertical-top\">\n            <div class=\"col-md-12     text-default small-screen-default\"  ><header class=\"text-center  element-medium-top element-short-bottom not-condensed\" data-os-animation=\"none\" data-os-animation-delay=\"0s\" >\n    <h1 class=\"normal regular no-bordered-header bordered-normal\" >\n        A IDI nous vous offrons\u2026    <\/h1>\n    <\/header>\n<div class=\"row \"><div class=\"col-md-3     text-left small-screen-default\"  ><p class=\"lead text-left left titulo-mediano element-short-top element-short-bottom\" data-os-animation=\"none\" data-os-animation-delay=\"0s\">LES MEILLEURES<br \/>\nMARQUES<\/p><div class=\"texto-explicativo element-no-top element-short-bottom\" data-os-animation=\"none\" data-os-animation-delay=\"0s\">\n    <p>Nous nous engageons \u00e0 n&rsquo;utiliser que des mat\u00e9riaux et proc\u00e9d\u00e9s cliniques de premi\u00e8re qualit\u00e9 et avec de performances garanties.<\/p>\n<\/div><\/div><div class=\"col-md-3     text-default small-screen-default\"  ><p class=\"lead text-left left titulo-mediano element-short-top element-short-bottom\" data-os-animation=\"none\" data-os-animation-delay=\"0s\">TECHNOLOGIE<br \/>\nET INNOVATION<\/p><div class=\"texto-explicativo element-no-top element-short-bottom\" data-os-animation=\"none\" data-os-animation-delay=\"0s\">\n    <p>Nous sommes \u00e0 l&rsquo;avant-garde en odontologie et offrons des traitements complets suivant les derni\u00e8res avanc\u00e9es du secteur.<\/p>\n<\/div><\/div><div class=\"col-md-3     text-default small-screen-default\"  ><p class=\"lead text-left left titulo-mediano element-short-top element-short-bottom\" data-os-animation=\"none\" data-os-animation-delay=\"0s\">LES MEILLEURS PROFESSIONNELS<\/p><div class=\"texto-explicativo element-no-top element-short-bottom\" data-os-animation=\"none\" data-os-animation-delay=\"0s\">\n    <p>Nous d\u00e9dions une attention exclusive et personnalis\u00e9e pour chaque cas, apportant ainsi des traitements sur mesure.<\/p>\n<\/div><\/div><div class=\"col-md-3     text-default small-screen-default\"  ><p class=\"lead text-left left titulo-mediano element-short-top element-short-bottom\" data-os-animation=\"none\" data-os-animation-delay=\"0s\">SATISFACTION GARANTIE<\/p><div class=\"texto-explicativo element-no-top element-short-bottom\" data-os-animation=\"none\" data-os-animation-delay=\"0s\">\n    <p>L&rsquo;experience, la profesionnalit\u00e9 et l&rsquo;esprit d&rsquo;innovation garantissent la qualit\u00e9 et l&rsquo;efficacit\u00e9 des traitements offerts.<\/p>\n<\/div><\/div><\/div><div class=\"divider-wrapper\" style=\"visibility:hidden;background-color:\">\n    <div class=\"visible-xs\" style=\"height:24px;\"><\/div>\n    <div class=\"visible-sm\" style=\"height:24px;\"><\/div>\n    <div class=\"visible-md\" style=\"height:48px;\"><\/div>\n    <div class=\"visible-lg\" style=\"height:48px;\"><\/div>\n<\/div><\/div>        <\/div>\n    <\/div>\n<\/section>\n\n","protected":false},"excerpt":{"rendered":"Nous d\u00e9sirons \u00eatre votre dentiste, venez nous conaitre \u00e0 Elche, Alicante ou San Juan Playa Nos valeurs Votre sant\u00e9 buccale et votre sourire m\u00e9ritent les meilleurs soins et d\u00e9vouement de la part de notre \u00e9quipe, tr\u00e8s bien pr\u00e9par\u00e9e. Un joli sourire, sain a beaucoup d'importance dans votre apparence, votre confiance et l'image projet\u00e9e au milieu","protected":false},"author":4,"featured_media":0,"parent":0,"menu_order":0,"comment_status":"closed","ping_status":"closed","template":"","meta":{"footnotes":""},"class_list":["post-2184","page","type-page","status-publish","hentry"],"_links":{"self":[{"href":"https:\/\/institutodentalinternacional.com\/fr\/wp-json\/wp\/v2\/pages\/2184","targetHints":{"allow":["GET"]}}],"collection":[{"href":"https:\/\/institutodentalinternacional.com\/fr\/wp-json\/wp\/v2\/pages"}],"about":[{"href":"https:\/\/institutodentalinternacional.com\/fr\/wp-json\/wp\/v2\/types\/page"}],"author":[{"embeddable":true,"href":"https:\/\/institutodentalinternacional.com\/fr\/wp-json\/wp\/v2\/users\/4"}],"replies":[{"embeddable":true,"href":"https:\/\/institutodentalinternacional.com\/fr\/wp-json\/wp\/v2\/comments?post=2184"}],"version-history":[{"count":13,"href":"https:\/\/institutodentalinternacional.com\/fr\/wp-json\/wp\/v2\/pages\/2184\/revisions"}],"predecessor-version":[{"id":3226,"href":"https:\/\/institutodentalinternacional.com\/fr\/wp-json\/wp\/v2\/pages\/2184\/revisions\/3226"}],"wp:attachment":[{"href":"https:\/\/institutodentalinternacional.com\/fr\/wp-json\/wp\/v2\/media?parent=2184"}],"curies":[{"name":"wp","href":"https:\/\/api.w.org\/{rel}","templated":true}]}}